{"id":713,"date":"2023-12-11T11:44:00","date_gmt":"2023-12-11T04:44:00","guid":{"rendered":"https:\/\/rubiomonocoatvietnam.vn\/?post_type=product&#038;p=713"},"modified":"2026-01-03T09:58:47","modified_gmt":"2026-01-03T02:58:47","slug":"dau-lau-go-noi-that-rubio-oil-2c","status":"publish","type":"product","link":"https:\/\/rubiomonocoatvietnam.vn\/en\/product\/dau-lau-go-noi-that-rubio-oil-2c\/","title":{"rendered":"D\u1ea7u Lau G\u1ed7 N\u1ed9i Th\u1ea5t: Oil Plus 2C"},"content":{"rendered":"<p data-start=\"198\" data-end=\"536\"><strong>D\u1ea7u lau g\u1ed7 Oil Plus 2C<\/strong> l\u00e0 d\u1ea7u s\u00e1p c\u1ee9ng th\u1ebf h\u1ec7 m\u1edbi, kh\u00f4ng ch\u1ee9a VOC, gi\u00fap t\u1ea1o m\u00e0u v\u00e0 b\u1ea3o v\u1ec7 b\u1ec1 m\u1eb7t g\u1ed7 ch\u1ec9 trong m\u1ed9t l\u1edbp. S\u1ea3n ph\u1ea9m \u0111\u1eb7c bi\u1ec7t ph\u00f9 h\u1ee3p v\u1edbi khu v\u1ef1c c\u00f3 m\u1eadt \u0111\u1ed9 s\u1eed d\u1ee5ng cao v\u00e0 c\u00f3 th\u1ec3 \u00e1p d\u1ee5ng tr\u00ean m\u1ecdi b\u1ec1 m\u1eb7t g\u1ed7 n\u1ed9i th\u1ea5t nh\u01b0: \u0111\u1ed3 n\u1ed9i th\u1ea5t, m\u1eb7t b\u00e0n, c\u1ea7u thang, t\u01b0\u1eddng, s\u00e0n nh\u00e0,&#8230; c\u0169ng nh\u01b0 h\u1ea7u h\u1ebft c\u00e1c lo\u1ea1i g\u1ed7 (g\u1ed7 t\u1ef1 nhi\u00ean, g\u1ed7 veneer, MDF, v.v.).<\/p>\n<p data-start=\"538\" data-end=\"646\">S\u1ef1 k\u1ebft h\u1ee3p gi\u1eefa d\u1ea7u (A) v\u00e0 ch\u1ea5t t\u0103ng t\u1ed1c (B) \u0111\u1ea3m b\u1ea3o qu\u00e1 tr\u00ecnh kh\u00f4 nhanh, mang l\u1ea1i kh\u1ea3 n\u0103ng b\u1ea3o v\u1ec7 t\u1ed1i \u01b0u.<\/p>\n<p><strong>Oil Plus 2C<\/strong>\u00a0kh\u00f4ng ch\u1ec9 mang l\u1ea1i \u0111\u1ed9 b\u1ec1n v\u01b0\u1ee3t tr\u1ed9i m\u00e0 c\u00f2n \u0111\u1ea3m b\u1ea3o quy tr\u00ecnh \u00e1p d\u1ee5ng d\u1ec5 d\u00e0ng. C\u00f4ng ngh\u1ec7 li\u00ean k\u1ebft ph\u00e2n t\u1eed \u0111\u1ed9c \u0111\u00e1o c\u00f3 ngh\u0129a l\u00e0 d\u1ea7u g\u1ed7 ch\u1ec9 li\u00ean k\u1ebft v\u1edbi c\u00e1c s\u1ee3i g\u1ed7 th\u00f4, do \u0111\u00f3, kh\u00f4ng gi\u1ed1ng nh\u01b0 c\u00e1c lo\u1ea1i nhu\u1ed9m g\u1ed7 truy\u1ec1n th\u1ed1ng, s\u1ea3n ph\u1ea9m s\u1ebd kh\u00f4ng b\u1ecb h\u1eb1n l\u00ean g\u1ed7 v\u00e0 c\u00f3 th\u1ec3 \u0111\u01b0\u1ee3c s\u1eeda ch\u1eefa c\u1ee5c b\u1ed9. L\u1edbp ho\u00e0n thi\u1ec7n g\u1ed7 th\u00e2n thi\u1ec7n v\u1edbi m\u00f4i tr\u01b0\u1eddng n\u00e0y c\u00f3 n\u1ec1n d\u1ea7u h\u1ea1t lanh, \u0111\u01b0\u1ee3c ch\u1ee9ng nh\u1eadn 0% VOC, kh\u00f4ng ch\u1ee9a dung m\u00f4i v\u00e0 bao g\u1ed3m c\u00e1c ch\u1ee9ng nh\u1eadn c\u1ee7a b\u00ean th\u1ee9 ba nh\u01b0 GREENGUARD Gold, An to\u00e0n th\u1ef1c ph\u1ea9m, v\u00e0 An to\u00e0n \u0111\u1ed3 ch\u01a1i. V\u1edbi t\u1ea5t c\u1ea3 nh\u1eefng t\u00ednh n\u0103ng tuy\u1ec7t v\u1eddi \u0111\u00f3, s\u1ea3n ph\u1ea9m h\u1ee9a h\u1eb9n mang \u0111\u1ebfn v\u1ebb \u0111\u1eb9p c\u1ee7a thi\u00ean nhi\u00ean v\u00e0o ng\u00f4i nh\u00e0 c\u1ee7a b\u1ea1n, v\u1edbi l\u1edbp ho\u00e0n thi\u1ec7n b\u1ec1n b\u1ec9 theo th\u1eddi gian.<\/p>\n<h3><strong>B\u1ea3o v\u1ec7 g\u1ed7 b\u1ec1n v\u1eefng<\/strong><\/h3>\n<p><strong>Oil Plus 2C<\/strong> l\u00e0 ti\u00eau chu\u1ea9n cho c\u00e1c l\u1edbp ho\u00e0n thi\u1ec7n g\u1ed7 m\u1ed9t l\u1edbp. \u0110\u00e2y l\u00e0 l\u1edbp ho\u00e0n thi\u1ec7n g\u1ed7 b\u1ec1n b\u1ec9, ch\u1ed1ng ch\u1ecbu hao m\u00f2n, n\u01b0\u1edbc v\u00e0 nhi\u1ec7t, b\u1ea3o t\u1ed3n v\u1ebb \u0111\u1eb9p t\u1ef1 nhi\u00ean c\u1ee7a c\u00e1c b\u1ec1 m\u1eb7t g\u1ed7 c\u1ee7a b\u1ea1n.<\/p>\n<h3><strong>V\u1ebb ngo\u00e0i v\u00e0 ch\u1ea5t c\u1ea3m t\u1ef1 nhi\u00ean<\/strong><\/h3>\n<p>Ph\u00f9 h\u1ee3p v\u1edbi m\u1ecdi lo\u1ea1i g\u1ed7, <strong>Oil Plus 2C<\/strong> lu\u00f4n gi\u1eef v\u1ebb t\u1ef1 nhi\u00ean v\u00e0 ch\u1ea5t c\u1ea3m ch\u00e2n th\u1eadt c\u1ee7a g\u1ed7 b\u1eb1ng c\u00e1ch li\u00ean k\u1ebft v\u1edbi c\u00e1c s\u1ee3i g\u1ed7 th\u00f4. S\u1ea3n ph\u1ea9m kh\u00f4ng t\u1ea1o m\u00e0ng v\u00e0 s\u1ebd kh\u00f4ng bao gi\u1edd bong tr\u00f3c. H\u00e3y k\u1ebft h\u1ee3p s\u1eed d\u1ee5ng m\u1ed9t trong 55 m\u00e0u ti\u00eau chu\u1ea9n c\u1ee7a ch\u00fang t\u00f4i ho\u1eb7c s\u00e1ng t\u1ea1o m\u00e0u ri\u00eang c\u1ee7a b\u1ea1n, kh\u1ea3 n\u0103ng ph\u1ed1i m\u00e0u l\u00e0 v\u00f4 t\u1eadn.<\/p>\n<h3><strong>D\u1ec5 s\u1eed d\u1ee5ng<\/strong><\/h3>\n<p>H\u00e3y c\u00f9ng ch\u00fang t\u00f4i t\u1eadn h\u01b0\u1edfng ni\u1ec1m vui trong vi\u1ec7c ho\u00e0n thi\u1ec7n g\u1ed7 nh\u1edd quy tr\u00ecnh \u00e1p d\u1ee5ng \u0111\u01a1n gi\u1ea3n v\u00e0 d\u1ec5 d\u00e0ng. <strong>Oil Plus 2C<\/strong> li\u00ean k\u1ebft v\u1edbi g\u1ed7 th\u00f4 v\u00e0 kh\u00f4ng t\u1ef1 m\u00ecnh, ngh\u0129a l\u00e0 n\u00f3 kh\u00f4ng b\u1ecb l\u1eb1n v\u00e0 c\u00f3 th\u1ec3 d\u1ec5 d\u00e0ng s\u1eeda ch\u1eefa t\u1ea1i ch\u1ed7, l\u00e0m cho vi\u1ec7c b\u1ea3o tr\u00ec tr\u1edf n\u00ean th\u1eadt \u0111\u01a1n gi\u1ea3n. C\u00e1c b\u1ec1 m\u1eb7t \u0111\u01b0\u1ee3c ch\u0103m s\u00f3c \u0111\u00fang c\u00e1ch s\u1ebd b\u1ec1n l\u00e2u su\u1ed1t v\u00f2ng \u0111\u1eddi s\u1ea3n ph\u1ea9m.<\/p>\n<h3><strong>C\u00f4ng ngh\u1ec7 m\u1ed9t l\u1edbp<\/strong><\/h3>\n<p>Gi\u00fap b\u1ea1n ti\u1ebft ki\u1ec7m th\u1eddi gian v\u1edbi c\u00f4ng ngh\u1ec7 li\u00ean k\u1ebft ph\u00e2n t\u1eed \u0111\u1ed9c \u0111\u00e1o c\u1ee7a <strong>Oil Plus 2C<\/strong>, gi\u00fap th\u1ec3 hi\u1ec7n m\u00e0u v\u00e0 b\u1ea3o v\u1ec7 g\u1ed7 n\u1ed9i th\u1ea5t ch\u1ec9 trong m\u1ed9t l\u1edbp. S\u1eb5n s\u00e0ng s\u1eed d\u1ee5ng ch\u1ec9 sau m\u1ed9t ng\u00e0y v\u00e0 ho\u00e0n th\u00e0nh 80% sau hai ng\u00e0y.<\/p>\n<h3><strong>Ch\u1ee9ng nh\u1eadn 0% VOC<\/strong><\/h3>\n<p>S\u1ea3n ph\u1ea9m <strong>Oil Plus 2C<\/strong> th\u00e2n thi\u1ec7n v\u1edbi m\u00f4i tr\u01b0\u1eddng v\u00e0 b\u1ec1n v\u1eefng, c\u00f3 n\u1ec1n d\u1ea7u h\u1ea1t lanh v\u00e0 v\u01b0\u1ee3t qua r\u1ea5t nhi\u1ec1u ch\u1ee9ng nh\u1eadn c\u1ee7a b\u00ean th\u1ee9 ba, bao g\u1ed3m GREENGUARD Gold, 0% VOC, An to\u00e0n th\u1ef1c ph\u1ea9m, v\u00e0 An to\u00e0n \u0111\u1ed3 ch\u01a1i. C\u00f4ng th\u1ee9c 100% r\u1eafn kh\u00f4ng ch\u1ee9a dung m\u00f4i v\u00e0 VOC v\u00e0 c\u00f3 t\u1ef7 l\u1ec7 ph\u1ee7 r\u1ea5t cao.<\/p>\n<h3 data-start=\"1854\" data-end=\"1882\"><strong data-start=\"1858\" data-end=\"1880\">H\u01af\u1edaNG D\u1eaaN \u1ee8NG D\u1ee4NG D\u1ea6U LAU G\u1ed6 2C<\/strong><\/h3>\n<p data-start=\"1883\" data-end=\"1907\">\ud83d\udd39 <strong data-start=\"1886\" data-end=\"1905\">Chu\u1ea9n b\u1ecb b\u1ec1 m\u1eb7t<\/strong><\/p>\n<ol data-start=\"1908\" data-end=\"2083\">\n<li data-start=\"1908\" data-end=\"2005\">Ch\u00e0 nh\u00e1m b\u1ec1 m\u1eb7t \u0111\u1ebfn khi nh\u1eb5n m\u1ecbn (d\u00f9ng l\u01b0\u1edbi ch\u00e0 nh\u00e1m 100-150 t\u00f9y theo ph\u01b0\u01a1ng ph\u00e1p ch\u00e0 nh\u00e1m).<\/li>\n<li data-start=\"2006\" data-end=\"2083\">H\u00fat b\u1ee5i k\u1ef9 l\u01b0\u1ee1ng, l\u00e0m s\u1ea1ch b\u1ec1 m\u1eb7t b\u1eb1ng <strong data-start=\"2048\" data-end=\"2059\">Cleaner<\/strong> v\u00e0 \u0111\u1ee3i kh\u00f4 ho\u00e0n to\u00e0n.<\/li>\n<\/ol>\n<p data-start=\"2085\" data-end=\"2113\">\ud83d\udd39 <strong data-start=\"2088\" data-end=\"2111\">\u00c1p d\u1ee5ng Oil Plus 2C<\/strong><\/p>\n<ol data-start=\"2114\" data-end=\"2528\">\n<li data-start=\"2114\" data-end=\"2164\">Khu\u1ea5y \u0111\u1ec1u th\u00e0nh ph\u1ea7n A cho \u0111\u1ebfn khi \u0111\u1ed3ng nh\u1ea5t.<\/li>\n<li data-start=\"2165\" data-end=\"2252\">Tr\u1ed9n th\u00e0nh ph\u1ea7n A &amp; B theo t\u1ef7 l\u1ec7 <strong data-start=\"2201\" data-end=\"2224\">3 ph\u1ea7n A : 1 ph\u1ea7n B<\/strong>, khu\u1ea5y k\u1ef9 trong 1-2 ph\u00fat.<\/li>\n<li data-start=\"2253\" data-end=\"2424\">D\u00f9ng <strong data-start=\"2261\" data-end=\"2337\">bay th\u00e9p kh\u00f4ng g\u1ec9, mi\u1ebfng ch\u00e0 Rubio Monocoat Scrubby Pad ho\u1eb7c m\u00e1y ch\u00e0 tay<\/strong> \u0111\u1ec3 thoa d\u1ea7u l\u00ean b\u1ec1 m\u1eb7t theo t\u1eebng khu v\u1ef1c nh\u1ecf (c\u00f3 th\u1ec3 ho\u00e0n th\u00e0nh trong v\u00f2ng 30 ph\u00fat).<\/li>\n<li data-start=\"2425\" data-end=\"2528\">\u0110\u1ec3 d\u1ea7u th\u1ea9m th\u1ea5u v\u00e0i ph\u00fat, sau \u0111\u00f3 lau s\u1ea1ch ph\u1ea7n d\u1ea7u d\u01b0 th\u1eeba b\u1eb1ng <strong data-start=\"2493\" data-end=\"2525\">kh\u0103n s\u1ea1ch ho\u1eb7c m\u00e1y \u0111\u00e1nh b\u00f3ng<\/strong>.<\/li>\n<\/ol>\n<p data-start=\"2530\" data-end=\"2563\">\ud83d\udd39 <strong data-start=\"2533\" data-end=\"2561\">L\u01b0u \u00fd sau khi ho\u00e0n thi\u1ec7n<\/strong><\/p>\n<ul data-start=\"2564\" data-end=\"2733\">\n<li data-start=\"2564\" data-end=\"2614\">Sau 2 ng\u00e0y: c\u00f3 th\u1ec3 <strong data-start=\"2585\" data-end=\"2601\">l\u00e0m s\u1ea1ch kh\u00f4<\/strong> (h\u00fat b\u1ee5i).<\/li>\n<li data-start=\"2615\" data-end=\"2733\">Sau 5 ng\u00e0y: c\u00f3 th\u1ec3 <strong data-start=\"2636\" data-end=\"2681\">l\u00e0m s\u1ea1ch b\u1eb1ng n\u01b0\u1edbc &amp; x\u00e0 ph\u00f2ng chuy\u00ean d\u1ee5ng<\/strong> nh\u01b0 <a href=\"https:\/\/rubiomonocoatvietnam.vn\/en\/product\/rubio-monocoat-soap\/\"><strong>Universal Soap<\/strong><\/a> ho\u1eb7c <a href=\"https:\/\/rubiomonocoatvietnam.vn\/en\/product\/chat-lam-sach-san-go-vi-sinh\/\"><strong>All Natural Wood Cleaner<\/strong><\/a>.<\/li>\n<\/ul>\n<p>Tham kh\u1ea3o th\u00eam<strong>\u00a0<a href=\"https:\/\/rubiomonocoatvietnam.vn\/en\/mau-sac\/\">B\u1ea3ng m\u00e0u c\u00e1c s\u1ea3n ph\u1ea9m d\u1ea7u lau g\u1ed7<\/a>.<\/strong><\/p>\n<p><strong><em>Xin l\u01b0u \u00fd: s\u1ef1 \u0111a d\u1ea1ng v\u1ec1 m\u00e0u s\u1eafc c\u1ee7a Rubio Monocoat l\u00e0 r\u1ea5t l\u1edbn, v\u1edbi ~ 10.000 m\u00e0u m\u00e0 ch\u01b0a c\u1ea7n pha tr\u1ed9n. Qu\u00fd kh\u00e1ch h\u00e0ng vui l\u00f2ng li\u00ean h\u1ec7 tr\u1ef1c ti\u1ebfp v\u1edbi ch\u00fang t\u00f4i \u0111\u1ec3 \u0111\u01b0\u1ee3c t\u01b0 v\u1ea5n v\u1ec1 m\u00e0u s\u1eafc, c\u0169ng nh\u01b0 k\u1ef9 thu\u1eadt m\u1ed9t c\u00e1ch ch\u00ednh x\u00e1c tr\u01b0\u1edbc khi thi c\u00f4ng c\u00f4ng tr\u00ecnh c\u1ee7a m\u00ecnh qua hotline: 0965120155 ho\u1eb7c inbox fanpage:\u00a0<a href=\"https:\/\/www.facebook.com\/daulaugoRubioMonocoat\" target=\"_blank\" rel=\"noopener\">Rubio Monocoat Vi\u1ec7t Nam<\/a>.<\/em><\/strong><\/p>\n<figure id=\"attachment_4032\" aria-describedby=\"caption-attachment-4032\" style=\"width: 909px\" class=\"wp-caption alignnone\"><img fetchpriority=\"high\" decoding=\"async\" class=\"size-full wp-image-4032\" src=\"https:\/\/rubiomonocoatvietnam.vn\/wp-content\/uploads\/2023\/12\/dau-lau-go-oil-plus-2C.jpg\" alt=\"d\u1ea7u lau g\u1ed7 oil plus 2C\" width=\"909\" height=\"860\" srcset=\"https:\/\/rubiomonocoatvietnam.vn\/wp-content\/uploads\/2023\/12\/dau-lau-go-oil-plus-2C.jpg 909w, https:\/\/rubiomonocoatvietnam.vn\/wp-content\/uploads\/2023\/12\/dau-lau-go-oil-plus-2C-300x284.jpg 300w, https:\/\/rubiomonocoatvietnam.vn\/wp-content\/uploads\/2023\/12\/dau-lau-go-oil-plus-2C-768x727.jpg 768w, https:\/\/rubiomonocoatvietnam.vn\/wp-content\/uploads\/2023\/12\/dau-lau-go-oil-plus-2C-13x12.jpg 13w, https:\/\/rubiomonocoatvietnam.vn\/wp-content\/uploads\/2023\/12\/dau-lau-go-oil-plus-2C-600x568.jpg 600w\" sizes=\"(max-width: 909px) 100vw, 909px\" \/><figcaption id=\"caption-attachment-4032\" class=\"wp-caption-text\"><em>D\u1ea7u lau g\u1ed7 oil plus 2C<\/em><\/figcaption><\/figure>","protected":false},"excerpt":{"rendered":"<ul>\n<li><strong data-start=\"794\" data-end=\"830\">T\u1ea1o m\u00e0u &amp; b\u1ea3o v\u1ec7 ch\u1ec9 trong 1 l\u1edbp<\/strong><\/li>\n<li><strong data-start=\"835\" data-end=\"860\">40 m\u00e0u s\u1eafc ti\u00eau chu\u1ea9n<\/strong>, c\u00f3 th\u1ec3 pha tr\u1ed9n \u0111\u1ec3 t\u1ea1o ra m\u00e0u s\u1eafc kh\u00f4ng gi\u1edbi h\u1ea1n<\/li>\n<li><strong data-start=\"915\" data-end=\"952\">Gi\u1eef nguy\u00ean v\u1ebb \u0111\u1eb9p t\u1ef1 nhi\u00ean c\u1ee7a g\u1ed7<\/strong><\/li>\n<li><strong data-start=\"957\" data-end=\"986\">Th\u00e2n thi\u1ec7n v\u1edbi m\u00f4i tr\u01b0\u1eddng<\/strong> \u2013 Kh\u00f4ng ch\u1ee9a VOC<\/li>\n<li><strong data-start=\"1008\" data-end=\"1040\">Kh\u00f4ng ch\u1ee9a n\u01b0\u1edbc hay dung m\u00f4i<\/strong><\/li>\n<li><strong data-start=\"1045\" data-end=\"1059\">D\u1ec5 b\u1ea3o tr\u00ec<\/strong><\/li>\n<li><strong data-start=\"1064\" data-end=\"1107\">Kh\u00f4ng \u0111\u1ec3 l\u1ea1i v\u1ebft l\u1eb1n ho\u1eb7c v\u1ec7t ch\u1ed3ng l\u1edbp<\/strong><\/li>\n<li><strong data-start=\"1112\" data-end=\"1131\">B\u1ea3o v\u1ec7 b\u1ec1n v\u1eefng<\/strong><\/li>\n<li><strong data-start=\"1136\" data-end=\"1178\">Ti\u1ebft ki\u1ec7m: 1L c\u00f3 th\u1ec3 ph\u1ee7 t\u1eeb 30 &#8211; 50 m\u00b2<\/strong><\/li>\n<li><strong data-start=\"1183\" data-end=\"1236\">Ph\u00f9 h\u1ee3p v\u1edbi h\u1ea7u h\u1ebft c\u00e1c lo\u1ea1i g\u1ed7 &amp; b\u1ec1 m\u1eb7t n\u1ed9i th\u1ea5t<\/strong><\/li>\n<li><strong>Gi\u00e1 \u0111\u00e3 bao g\u1ed3m 8% VAT<\/strong><\/li>\n<\/ul>","protected":false},"featured_media":714,"comment_status":"open","ping_status":"closed","template":"","meta":{"_jf_save_progress":""},"product_brand":[],"product_cat":[17,25],"product_tag":[120,121],"class_list":{"0":"post-713","1":"product","2":"type-product","3":"status-publish","4":"has-post-thumbnail","6":"product_cat-noi-that","7":"product_cat-bao-ve-go-noi-that","8":"product_tag-2c","9":"product_tag-dau-lau-go","11":"first","12":"instock","13":"featured","14":"shipping-taxable","15":"product-type-variable","16":"wvs-archive-product-wrapper"},"_links":{"self":[{"href":"https:\/\/rubiomonocoatvietnam.vn\/en\/wp-json\/wp\/v2\/product\/713","targetHints":{"allow":["GET"]}}],"collection":[{"href":"https:\/\/rubiomonocoatvietnam.vn\/en\/wp-json\/wp\/v2\/product"}],"about":[{"href":"https:\/\/rubiomonocoatvietnam.vn\/en\/wp-json\/wp\/v2\/types\/product"}],"replies":[{"embeddable":true,"href":"https:\/\/rubiomonocoatvietnam.vn\/en\/wp-json\/wp\/v2\/comments?post=713"}],"wp:featuredmedia":[{"embeddable":true,"href":"https:\/\/rubiomonocoatvietnam.vn\/en\/wp-json\/wp\/v2\/media\/714"}],"wp:attachment":[{"href":"https:\/\/rubiomonocoatvietnam.vn\/en\/wp-json\/wp\/v2\/media?parent=713"}],"wp:term":[{"taxonomy":"product_brand","embeddable":true,"href":"https:\/\/rubiomonocoatvietnam.vn\/en\/wp-json\/wp\/v2\/product_brand?post=713"},{"taxonomy":"product_cat","embeddable":true,"href":"https:\/\/rubiomonocoatvietnam.vn\/en\/wp-json\/wp\/v2\/product_cat?post=713"},{"taxonomy":"product_tag","embeddable":true,"href":"https:\/\/rubiomonocoatvietnam.vn\/en\/wp-json\/wp\/v2\/product_tag?post=713"}],"curies":[{"name":"wp","href":"https:\/\/api.w.org\/{rel}","templated":true}]}}