{"id":3155,"date":"2024-09-24T15:54:47","date_gmt":"2024-09-24T08:54:47","guid":{"rendered":"https:\/\/rubiomonocoatvietnam.vn\/?post_type=product&#038;p=3155"},"modified":"2026-01-05T07:19:43","modified_gmt":"2026-01-05T00:19:43","slug":"dau-tang-do-bong-sheenplus","status":"publish","type":"product","link":"https:\/\/rubiomonocoatvietnam.vn\/en\/product\/dau-tang-do-bong-sheenplus\/","title":{"rendered":"D\u1ea7u T\u0103ng \u0110\u1ed9 B\u00f3ng B\u1ec1 M\u1eb7t: SheenPlus"},"content":{"rendered":"<p><strong>SheenPlus<\/strong> l\u00e0 m\u1ed9t ch\u1ea5t l\u00e0m t\u0103ng \u0111\u1ed9 b\u00f3ng kh\u00f4ng ch\u1ee9a <a href=\"https:\/\/rubiomonocoatvietnam.vn\/en\/0-voc\/\">VOC<\/a> (0% VOC), mang l\u1ea1i v\u1ebb satin b\u1ec1n b\u1ec9 cho c\u00e1c b\u1ec1 m\u1eb7t g\u1ed7 \u0111\u00e3 \u0111\u01b0\u1ee3c x\u1eed l\u00fd b\u1eb1ng <strong><a href=\"https:\/\/rubiomonocoatvietnam.vn\/en\/product\/dau-lau-go-noi-that-rubio-oil-2c\/\">D\u1ea7u lau g\u1ed7 n\u1ed9i th\u1ea5t &#8211; Oil Plus 2C<\/a><\/strong>. Ph\u00f9 h\u1ee3p cho t\u1ea5t c\u1ea3 c\u00e1c b\u1ec1 m\u1eb7t g\u1ed7 n\u1ed9i th\u1ea5t, bao g\u1ed3m \u0111\u1ed3 n\u1ed9i th\u1ea5t, m\u1eb7t b\u00e0n, b\u00e0n, c\u1ea7u thang, t\u01b0\u1eddng v\u00e0 s\u00e0n, <strong>SheenPlus<\/strong> l\u00e0m n\u1ed5i b\u1eadt v\u1ebb \u0111\u1eb9p t\u1ef1 nhi\u00ean c\u1ee7a g\u1ed7 \u0111\u1ed3ng th\u1eddi duy tr\u00ec s\u1ef1 b\u1ea3o v\u1ec7 \u01b0u vi\u1ec7t. S\u1ef1 k\u1ebft h\u1ee3p gi\u1eefa ph\u1ea7n d\u1ea7u (A) v\u00e0 ch\u1ea5t l\u00e0m c\u1ee9ng (B) \u0111\u1ea3m b\u1ea3o th\u1eddi gian kh\u00f4 nhanh, v\u1edbi c\u00f4ng th\u1ee9c kh\u00f4ng ch\u1ee9a dung m\u00f4i v\u00e0 n\u01b0\u1edbc. \u0110\u1ea1t \u0111\u01b0\u1ee3c \u0111\u1ed9 b\u00f3ng l\u1ea5p l\u00e1nh v\u00e0 v\u01b0\u1ee3t th\u1eddi gian, ho\u00e0n h\u1ea3o \u0111\u1ec3 b\u1ed5 sung cho b\u1ea5t k\u1ef3 m\u00e0u n\u00e0o c\u1ee7a <strong>D\u1ea7u lau g\u1ed7 n\u1ed9i th\u1ea5t &#8211; Oil Plus 2C<\/strong>.<\/p>\n<h3>T\u0103ng \u0110\u1ed9 B\u00f3ng<\/h3>\n<p><strong>SheenPlus<\/strong> \u0111\u1ea1t \u0111\u01b0\u1ee3c l\u1edbp ho\u00e0n thi\u1ec7n satin l\u00e2u d\u00e0i gi\u00fap t\u0103ng c\u01b0\u1eddng \u0111\u1ed9 b\u00f3ng cho c\u00e1c b\u1ec1 m\u1eb7t \u0111\u00e3 ho\u00e0n thi\u1ec7n, b\u1ed5 sung cho b\u1ea5t k\u1ef3 m\u00e0u n\u00e0o v\u00e0 mang \u0111\u1ebfn cho c\u00e1c s\u1ea3n ph\u1ea9m c\u1ee7a b\u1ea1n m\u1ed9t v\u1ebb \u0111\u1eb9p quy\u1ebfn r\u0169 v\u01b0\u1ee3t th\u1eddi gian.<\/p>\n<h3>\u1ee8ng D\u1ee5ng D\u1ec5 D\u00e0ng<\/h3>\n<p>Ti\u1ebft ki\u1ec7m th\u1eddi gian v\u00e0 c\u00f4ng s\u1ee9c v\u1edbi \u1ee9ng d\u1ee5ng m\u1ed9t l\u1edbp hi\u1ec7u qu\u1ea3. Tr\u1ea3i nghi\u1ec7m kh\u00f4 nhanh, kh\u00f4ng ch\u1ed3ng l\u1edbp, v\u00e0 linh ho\u1ea1t trong vi\u1ec7c \u00e1p d\u1ee5ng b\u1eb1ng tay ho\u1eb7c m\u00e1y m\u00f3c.<\/p>\n<h3>B\u1ea3o Tr\u00ec D\u1ec5 D\u00e0ng<\/h3>\n<p>Vi\u1ec7c b\u1ea3o tr\u00ec l\u1edbp ho\u00e0n thi\u1ec7n ch\u01b0a t\u1eebng d\u1ec5 d\u00e0ng \u0111\u1ebfn v\u1eady nh\u1edd c\u00f3 <strong>SheenPlus<\/strong>! <strong>SheenPlus<\/strong> cung c\u1ea5p l\u1ee3i th\u1ebf \u0111\u00e1ng k\u1ec3 so v\u1edbi c\u00e1c l\u1edbp ph\u1ee7 s\u01a1n truy\u1ec1n th\u1ed1ng b\u1eb1ng c\u00e1ch lo\u1ea1i b\u1ecf c\u00f4ng t\u00e1c ch\u00e0 nh\u00e1m trong c\u00e1c l\u1ea7n ph\u1ee7 l\u1ea1i. H\u01a1n n\u1eefa, c\u00e1c b\u1ec1 m\u1eb7t m\u1edbi \u0111\u01b0\u1ee3c c\u1ea3i t\u1ea1o s\u1eb5n s\u00e0ng cho vi\u1ec7c s\u1eed d\u1ee5ng nh\u1eb9 nh\u00e0ng trong v\u00f2ng ch\u1ec9 24 gi\u1edd. \u01afu \u0111i\u1ec3m c\u1ee7a vi\u1ec7c s\u1eeda ch\u1eefa d\u1ec5 d\u00e0ng n\u00e0y gi\u00fap b\u1ea1n th\u01b0\u1eddng xuy\u00ean c\u00f3 th\u1ec3 t\u1ef1 b\u1ea3o d\u01b0\u1ee1ng cho c\u00e1c b\u1ec1 m\u1eb7t g\u1ed7 c\u1ee7a b\u1ea1n, nh\u1eb1m gi\u00fap ch\u00fang lu\u00f4n trong t\u00ecnh tr\u1ea1ng t\u1ed1t nh\u1ea5t.<\/p>\n<h3>Th\u00e2n Thi\u1ec7n V\u1edbi M\u00f4i Tr\u01b0\u1eddng<\/h3>\n<p><strong>SheenPlus<\/strong> kh\u00f4ng ch\u1ee9a VOC, c\u00f3 th\u00e0nh ph\u1ea7n ho\u00e0n to\u00e0n t\u1ef1 nhi\u00ean, v\u00e0 l\u00e0 100% ch\u1ea5t r\u1eafn, \u0111\u1ea3m b\u1ea3o an to\u00e0n cho ng\u01b0\u1eddi s\u1eed d\u1ee5ng v\u00e0 m\u00f4i tr\u01b0\u1eddng. T\u1ef7 l\u1ec7 ph\u1ee7 cao c\u0169ng gi\u00fap gi\u1ea3m chi ph\u00ed bao b\u00ec \u0111\u00f3ng g\u00f3i v\u00e0 v\u1eadn chuy\u1ec3n. \u0110\u1ea1t ch\u1ee9ng nh\u1eadn an to\u00e0n cho \u0111\u1ed3 ch\u01a1i.<\/p>\n<h3>Thay Th\u1ebf Polyurethane<\/h3>\n<p>Tr\u00e1nh vi\u1ec7c t\u00edch t\u1ee5 nhi\u1ec1u l\u1edbp nh\u1ef1a tr\u00ean b\u1ec1 m\u1eb7t g\u1ed7 c\u1ee7a b\u1ea1n. <strong>SheenPlus<\/strong> l\u00e0 s\u1ef1 thay th\u1ebf polyurethane v\u1edbi c\u00e1c l\u1ee3i \u00edch sau: th\u00e2n thi\u1ec7n v\u1edbi m\u00f4i tr\u01b0\u1eddng, \u00e1p d\u1ee5ng trong 1 l\u1edbp th\u00eam, c\u00f3 th\u1ec3 s\u1eeda ch\u1eefa theo t\u1eebng khu v\u1ef1c, kh\u00f4ng c\u1ea7n ch\u00e0 nh\u00e1m l\u1edbp gi\u1eefa, kh\u00f4ng c\u1ea7n ch\u00e0 nh\u00e1m tr\u01b0\u1edbc khi ph\u1ee7 l\u1ea1i. Gi\u1eef \u0111\u01b0\u1ee3c v\u1ebb v\u00e0 c\u1ea3m gi\u00e1c c\u1ee7a g\u1ed7 th\u1eadt nh\u01b0ng v\u1edbi th\u00eam \u0111\u1ed9 b\u00f3ng.<\/p>\n<h3 data-start=\"1263\" data-end=\"1291\"><strong data-start=\"1267\" data-end=\"1289\">H\u01af\u1edaNG D\u1eaaN \u1ee8NG D\u1ee4NG<\/strong><\/h3>\n<h4 data-start=\"1292\" data-end=\"1314\"><strong data-start=\"1297\" data-end=\"1312\">1. Chu\u1ea9n b\u1ecb<\/strong><\/h4>\n<p>SheenPlus \u0111\u01b0\u1ee3c thi\u1ebft k\u1ebf \u0111\u1ec3 s\u1eed d\u1ee5ng tr\u00ean b\u1ec1 m\u1eb7t g\u1ed7 \u0111\u00e3 x\u1eed l\u00fd b\u1eb1ng <strong>D\u1ea7u lau g\u1ed7 n\u1ed9i th\u1ea5t<\/strong> (<strong data-start=\"1381\" data-end=\"1396\">Oil Plus 2C)<\/strong>.<\/p>\n<ul>\n<li><strong data-start=\"1402\" data-end=\"1417\">Tr\u00ean g\u1ed7 th\u00f4<\/strong>: Tr\u01b0\u1edbc ti\u00ean, d\u00f9ng <strong>D\u1ea7u lau g\u1ed7 n\u1ed9i th\u1ea5t<\/strong> (<strong data-start=\"1435\" data-end=\"1450\">Oil Plus 2C)<\/strong>. Sau \u00edt nh\u1ea5t <strong data-start=\"1464\" data-end=\"1474\">24 gi\u1edd<\/strong>, c\u00f3 th\u1ec3 \u00e1p d\u1ee5ng <strong>SheenPlus<\/strong>.<\/li>\n<li><strong data-start=\"1506\" data-end=\"1561\">Tr\u00ean b\u1ec1 m\u1eb7t \u0111\u00e3 s\u1eed d\u1ee5ng D\u1ea7u lau g\u1ed7 n\u1ed9i th\u1ea5t (Oil Plus 2C) nh\u01b0ng m\u00e0u v\u1eabn c\u00f2n t\u1ed1t<\/strong>: L\u00e0m s\u1ea1ch b\u1eb1ng n\u01b0\u1edbc v\u00e0 <a href=\"https:\/\/rubiomonocoatvietnam.vn\/en\/product\/chat-lam-sach-san-go-vi-sinh\/\"><strong data-start=\"1585\" data-end=\"1613\">All Natural Wood Cleaner<\/strong><\/a> ho\u1eb7c <strong data-start=\"1619\" data-end=\"1635\">Deep Cleaner<\/strong>, sau \u0111\u00f3 \u0111\u1ec3 kh\u00f4 ho\u00e0n to\u00e0n tr\u01b0\u1edbc khi \u00e1p d\u1ee5ng <strong>SheenPlus<\/strong>.<\/li>\n<li><strong data-start=\"1694\" data-end=\"1726\">Tr\u00ean b\u1ec1 m\u1eb7t c\u1ea7n ph\u1ee5c h\u1ed3i m\u00e0u<\/strong>: D\u00f9ng l\u1ea1i <strong>D\u1ea7u lau g\u1ed7 n\u1ed9i th\u1ea5t (Oil Plus 2C)<\/strong> c\u00f9ng m\u00e0u, \u0111\u1ec3 kh\u00f4 <strong data-start=\"1770\" data-end=\"1780\">24 gi\u1edd<\/strong>, sau \u0111\u00f3 \u00e1p d\u1ee5ng <strong>SheenPlus<\/strong>.<\/li>\n<\/ul>\n<p><img fetchpriority=\"high\" decoding=\"async\" class=\"alignnone size-full wp-image-4043\" src=\"https:\/\/rubiomonocoatvietnam.vn\/wp-content\/uploads\/2024\/09\/472A9043.png\" alt=\"d\u1ea7u l\u00e0m t\u0103ng \u0111\u1ed9 b\u00f3ng Sheenplus\" width=\"6720\" height=\"3780\" srcset=\"https:\/\/rubiomonocoatvietnam.vn\/wp-content\/uploads\/2024\/09\/472A9043.png 6720w, https:\/\/rubiomonocoatvietnam.vn\/wp-content\/uploads\/2024\/09\/472A9043-300x169.png 300w, https:\/\/rubiomonocoatvietnam.vn\/wp-content\/uploads\/2024\/09\/472A9043-1024x576.png 1024w, https:\/\/rubiomonocoatvietnam.vn\/wp-content\/uploads\/2024\/09\/472A9043-768x432.png 768w, https:\/\/rubiomonocoatvietnam.vn\/wp-content\/uploads\/2024\/09\/472A9043-1536x864.png 1536w, https:\/\/rubiomonocoatvietnam.vn\/wp-content\/uploads\/2024\/09\/472A9043-2048x1152.png 2048w, https:\/\/rubiomonocoatvietnam.vn\/wp-content\/uploads\/2024\/09\/472A9043-18x10.png 18w, https:\/\/rubiomonocoatvietnam.vn\/wp-content\/uploads\/2024\/09\/472A9043-600x338.png 600w\" sizes=\"(max-width: 6720px) 100vw, 6720px\" \/><\/p>\n<h4 data-start=\"1811\" data-end=\"1842\"><strong data-start=\"1816\" data-end=\"1840\">2. H\u01b0\u1edbng d\u1eabn \u00e1p d\u1ee5ng<\/strong><\/h4>\n<p data-start=\"1843\" data-end=\"2332\"><strong data-start=\"1843\" data-end=\"1875\">Tr\u00ean \u0111\u1ed3 n\u1ed9i th\u1ea5t, b\u00e0n gh\u1ebf<\/strong><br data-start=\"1875\" data-end=\"1878\" \/><br \/>\nB\u01b0\u1edbc 1: Khu\u1ea5y \u0111\u1ec1u hai th\u00e0nh ph\u1ea7n (A &amp; B) theo t\u1ef7 l\u1ec7 <strong data-start=\"1926\" data-end=\"1949\">3 ph\u1ea7n A : 1 ph\u1ea7n B<\/strong>.<br data-start=\"1950\" data-end=\"1953\" \/><br \/>\nB\u01b0\u1edbc 2: B\u00f4i <strong>SheenPlus<\/strong> b\u1eb1ng <strong data-start=\"1976\" data-end=\"1992\">c\u1ecd, b\u1ecdt bi\u1ec3n<\/strong>, sau \u0111\u00f3 tr\u1ea3i \u0111\u1ec1u b\u1eb1ng <strong data-start=\"2015\" data-end=\"2039\">mi\u1ebfng \u0111\u1ec7m Scrubby \u0111\u1ecf<\/strong>.<br data-start=\"2040\" data-end=\"2043\" \/><br \/>\nB\u01b0\u1edbc 3: Sau <strong data-start=\"2051\" data-end=\"2062\">15 ph\u00fat<\/strong>, d\u00f9ng Scrubby \u0111\u1ecf ch\u00e0 l\u1ea1i m\u1ed9t l\u1ea7n n\u1eefa m\u00e0 kh\u00f4ng th\u00eam s\u1ea3n ph\u1ea9m.<br data-start=\"2123\" data-end=\"2126\" \/><br \/>\nB\u01b0\u1edbc 4: D\u00f9ng <strong data-start=\"2135\" data-end=\"2162\">mi\u1ebfng \u0111\u1ec7m Scrubby tr\u1eafng<\/strong> lau l\u1ea1i b\u1ec1 m\u1eb7t.<br data-start=\"2178\" data-end=\"2181\" \/><br \/>\nB\u01b0\u1edbc 5: Lo\u1ea1i b\u1ecf v\u1ec7t ho\u1eb7c v\u1ebft b\u1ea9n b\u1eb1ng <strong data-start=\"2215\" data-end=\"2232\">kh\u0103n kh\u00f4ng x\u01a1<\/strong>.<br data-start=\"2233\" data-end=\"2236\" \/><br \/>\nB\u01b0\u1edbc 6: Lau l\u1ea1i b\u1eb1ng Scrubby tr\u1eafng \u0111\u1ec3 ho\u00e0n t\u1ea5t.<br data-start=\"2279\" data-end=\"2282\" \/><br \/>\nB\u01b0\u1edbc 7: \u0110\u1ec3 kh\u00f4 <strong data-start=\"2293\" data-end=\"2311\">\u00edt nh\u1ea5t 24 gi\u1edd<\/strong> tr\u01b0\u1edbc khi s\u1eed d\u1ee5ng.<\/p>\n<p data-start=\"2334\" data-end=\"2750\"><strong data-start=\"2334\" data-end=\"2352\">Tr\u00ean s\u00e0n g\u1ed7<\/strong><br data-start=\"2352\" data-end=\"2355\" \/><br \/>\nB\u01b0\u1edbc 1: \u0110\u1ec3 <strong>D\u1ea7u lau g\u1ed7 n\u1ed9i th\u1ea5t (Oil Plus 2C)<\/strong> kh\u00f4 trong <strong data-start=\"2388\" data-end=\"2398\">24 gi\u1edd<\/strong>.<br data-start=\"2399\" data-end=\"2402\" \/><br \/>\nB\u01b0\u1edbc 2: Khu\u1ea5y \u0111\u1ec1u hai th\u00e0nh ph\u1ea7n (A &amp; B) trong <strong data-start=\"2445\" data-end=\"2457\">1-2 ph\u00fat<\/strong>.<br data-start=\"2458\" data-end=\"2461\" \/><br \/>\nB\u01b0\u1edbc 3: S\u1eed d\u1ee5ng <strong data-start=\"2473\" data-end=\"2490\">m\u00e1y \u0111\u00e1nh b\u00f3ng<\/strong> v\u1edbi <strong data-start=\"2495\" data-end=\"2526\">mi\u1ebfng \u0111\u1ec7m Rubio Monocoat \u0111\u1ecf<\/strong> \u0111\u1ec3 b\u00f4i \u0111\u1ec1u <strong>SheenPlus<\/strong>.<br data-start=\"2548\" data-end=\"2551\" \/><br \/>\nB\u01b0\u1edbc 4: Sau <strong data-start=\"2559\" data-end=\"2570\">15 ph\u00fat<\/strong>, d\u00f9ng <strong data-start=\"2577\" data-end=\"2596\">mi\u1ebfng \u0111\u1ec7m tr\u1eafng<\/strong> \u0111\u00e1nh b\u00f3ng l\u1ea1i b\u1ec1 m\u1eb7t.<br data-start=\"2618\" data-end=\"2621\" \/><br \/>\nB\u01b0\u1edbc 5: L\u1eb7p l\u1ea1i quy tr\u00ecnh tr\u00ean to\u00e0n b\u1ed9 s\u00e0n nh\u00e0.<br data-start=\"2664\" data-end=\"2667\" \/><br \/>\nB\u01b0\u1edbc 6: \u0110\u1ec3 kh\u00f4 <strong data-start=\"2678\" data-end=\"2688\">24 gi\u1edd<\/strong> tr\u01b0\u1edbc khi \u0111i l\u1ea1i nh\u1eb9 nh\u00e0ng, v\u00e0 <strong data-start=\"2720\" data-end=\"2730\">7 ng\u00e0y<\/strong> \u0111\u1ec3 kh\u00f4 ho\u00e0n to\u00e0n.<\/p>\n<h4 data-start=\"2752\" data-end=\"2784\"><strong data-start=\"2757\" data-end=\"2782\">3. B\u1ea3o tr\u00ec &amp; Ph\u1ee5c h\u1ed3i<\/strong><\/h4>\n<p data-start=\"2785\" data-end=\"2933\">\ud83d\udd39 N\u1ebfu <strong>SheenPlus<\/strong> b\u1ecb m\u00e0i m\u00f2n, c\u00f3 th\u1ec3 b\u00f4i l\u1ea1i m\u1ed9t l\u1edbp m\u1ecfng.<br data-start=\"2842\" data-end=\"2845\" \/><br \/>\n\ud83d\udd39 N\u1ebfu m\u00e0u b\u1ecb phai, ph\u1ee5c h\u1ed3i m\u00e0u b\u1eb1ng <strong>D\u1ea7u lau g\u1ed7 n\u1ed9i th\u1ea5t (Oil Plus 2C)<\/strong> tr\u01b0\u1edbc, sau \u0111\u00f3 m\u1edbi b\u00f4i <strong>SheenPlus<\/strong>.<\/p>\n<h3 data-start=\"2935\" data-end=\"2961\"><strong data-start=\"2939\" data-end=\"2959\">L\u01afU \u00dd QUAN TR\u1eccNG<\/strong><\/h3>\n<p data-start=\"2962\" data-end=\"3239\">\u26a0 <strong data-start=\"2964\" data-end=\"3017\">Ph\u1ea3i tr\u1ed9n c\u1ea3 hai th\u00e0nh ph\u1ea7n A &amp; B theo \u0111\u00fang t\u1ef7 l\u1ec7<\/strong>.<br data-start=\"3018\" data-end=\"3021\" \/><br \/>\n\u26a0 <strong data-start=\"3023\" data-end=\"3051\">Kh\u00f4ng pha lo\u00e3ng s\u1ea3n ph\u1ea9m<\/strong>.<br data-start=\"3052\" data-end=\"3055\" \/><br \/>\n\u26a0 <strong data-start=\"3057\" data-end=\"3108\">Ch\u1ec9 lau kh\u00f4 trong tu\u1ea7n \u0111\u1ea7u ti\u00ean sau khi \u00e1p d\u1ee5ng<\/strong>. Sau \u0111\u00f3 c\u00f3 th\u1ec3 lau b\u1eb1ng <strong data-start=\"3133\" data-end=\"3169\">All Natural Wood Cleaner (Spray)<\/strong>.<br data-start=\"3170\" data-end=\"3173\" \/><br \/>\n\u26a0 <strong data-start=\"3175\" data-end=\"3236\">Kh\u00f4ng b\u00f4i qu\u00e1 nhi\u1ec1u s\u1ea3n ph\u1ea9m \u0111\u1ec3 tr\u00e1nh b\u1ec1 m\u1eb7t b\u1ecb d\u00ednh nh\u1edbt<\/strong>.<\/p>\n<h3 data-start=\"3241\" data-end=\"3259\"><strong data-start=\"3245\" data-end=\"3257\">\u0110\u00d3NG G\u00d3I<\/strong><\/h3>\n<h3 data-start=\"3241\" data-end=\"3259\">\ud83d\udce6 <strong data-start=\"3290\" data-end=\"3300\">390 ml<\/strong> \u279d 48,75 m\u00b2<br data-start=\"3311\" data-end=\"3314\" \/><br \/>\n\ud83d\udce6 <strong data-start=\"3317\" data-end=\"3326\">1,3 L<\/strong> \u279d 162,5 m\u00b2<\/h3>\n<h3 data-start=\"3341\" data-end=\"3365\"><strong data-start=\"3345\" data-end=\"3363\">D\u1ee4NG C\u1ee4 H\u1ed6 TR\u1ee2<\/strong><\/h3>\n<ul>\n<li data-start=\"3366\" data-end=\"3505\"><strong data-start=\"3368\" data-end=\"3407\">Mi\u1ebfng \u0111\u1ec7m \u0111\u1ecf &amp; tr\u1eafng Rubio Monocoat<\/strong><\/li>\n<li data-start=\"3366\" data-end=\"3505\"><strong data-start=\"3412\" data-end=\"3443\">Kh\u0103n lau d\u1ea7u Rubio Monocoat<\/strong><\/li>\n<li data-start=\"3366\" data-end=\"3505\"><strong data-start=\"3448\" data-end=\"3477\">B\u1ecdt bi\u1ec3n tr\u1eafng ti\u00eau chu\u1ea9n<\/strong><\/li>\n<li data-start=\"3366\" data-end=\"3505\"><strong data-start=\"3482\" data-end=\"3503\">C\u1ecd ph\u1ee7 ti\u00eau chu\u1ea9n<\/strong><\/li>\n<\/ul>\n<p data-start=\"3507\" data-end=\"3625\">\u26a0 <strong data-start=\"3509\" data-end=\"3521\">C\u1ea2NH B\u00c1O<\/strong>: <strong>D\u1ee5ng c\u1ee5 ho\u1eb7c kh\u0103n lau c\u00f3 d\u00ednh d\u1ea7u c\u00f3 th\u1ec3 t\u1ef1 b\u1ed1c ch\u00e1y. H\u00e3y nh\u00fang ch\u00fang v\u00e0o n\u01b0\u1edbc tr\u01b0\u1edbc khi v\u1ee9t b\u1ecf.<\/strong><\/p>\n<p><strong><em>Xin l\u01b0u \u00fd: s\u1ef1 \u0111a d\u1ea1ng v\u1ec1 m\u00e0u s\u1eafc c\u1ee7a Rubio Monocoat l\u00e0 r\u1ea5t l\u1edbn, v\u1edbi ~ 10.000 m\u00e0u m\u00e0 ch\u01b0a c\u1ea7n pha tr\u1ed9n (<a href=\"https:\/\/rubiomonocoatvietnam.vn\/en\/dau-lau-go-noi-that-rubio-oil-2c\/\">Xem b\u1ea3ng m\u00e0u<\/a>). Qu\u00fd kh\u00e1ch h\u00e0ng vui l\u00f2ng li\u00ean h\u1ec7 tr\u1ef1c ti\u1ebfp v\u1edbi ch\u00fang t\u00f4i \u0111\u1ec3 \u0111\u01b0\u1ee3c t\u01b0 v\u1ea5n v\u1ec1 m\u00e0u s\u1eafc, c\u0169ng nh\u01b0 k\u1ef9 thu\u1eadt m\u1ed9t c\u00e1ch ch\u00ednh x\u00e1c tr\u01b0\u1edbc khi thi c\u00f4ng c\u00f4ng tr\u00ecnh c\u1ee7a m\u00ecnh qua hotline: 0965120155 ho\u1eb7c inbox fanpage:\u00a0<a href=\"https:\/\/www.facebook.com\/daulaugoRubioMonocoat\" target=\"_blank\" rel=\"noopener\">Rubio Monocoat Vi\u1ec7t Nam<\/a>.<\/em><\/strong><\/p>\n<p><strong>Xem th\u00eam c\u00e1c video h\u01b0\u1edbng d\u1eabn s\u1eed d\u1ee5ng s\u1ea3n ph\u1ea9m c\u1ee7a Rubio Monocoat Vi\u1ec7t Nam t\u1ea1i k\u00eanh youtube:\u00a0<a href=\"https:\/\/www.youtube.com\/@daulaugorubiomonocoatvietn7019\" target=\"_blank\" rel=\"noopener\">D\u1ea7u Lau G\u1ed7 Rubio Monocoat Vi\u1ec7t Nam.<\/a><\/strong><\/p>\n<p data-start=\"3507\" data-end=\"3625\"><img decoding=\"async\" class=\"alignnone size-full wp-image-4044\" src=\"https:\/\/rubiomonocoatvietnam.vn\/wp-content\/uploads\/2024\/09\/472A8937.png\" alt=\"d\u1ea7u l\u00e0m t\u0103ng \u0111\u1ed9 b\u00f3ng Sheenplus\" width=\"6720\" height=\"4480\" srcset=\"https:\/\/rubiomonocoatvietnam.vn\/wp-content\/uploads\/2024\/09\/472A8937.png 6720w, https:\/\/rubiomonocoatvietnam.vn\/wp-content\/uploads\/2024\/09\/472A8937-300x200.png 300w, https:\/\/rubiomonocoatvietnam.vn\/wp-content\/uploads\/2024\/09\/472A8937-1024x683.png 1024w, https:\/\/rubiomonocoatvietnam.vn\/wp-content\/uploads\/2024\/09\/472A8937-768x512.png 768w, https:\/\/rubiomonocoatvietnam.vn\/wp-content\/uploads\/2024\/09\/472A8937-1536x1024.png 1536w, https:\/\/rubiomonocoatvietnam.vn\/wp-content\/uploads\/2024\/09\/472A8937-2048x1365.png 2048w, https:\/\/rubiomonocoatvietnam.vn\/wp-content\/uploads\/2024\/09\/472A8937-18x12.png 18w, https:\/\/rubiomonocoatvietnam.vn\/wp-content\/uploads\/2024\/09\/472A8937-600x400.png 600w\" sizes=\"(max-width: 6720px) 100vw, 6720px\" \/> <img decoding=\"async\" class=\"alignnone size-full wp-image-4045\" src=\"https:\/\/rubiomonocoatvietnam.vn\/wp-content\/uploads\/2024\/09\/472A8940.png\" alt=\"d\u1ea7u l\u00e0m t\u0103ng \u0111\u1ed9 b\u00f3ng Sheenplus\" width=\"6720\" height=\"4480\" srcset=\"https:\/\/rubiomonocoatvietnam.vn\/wp-content\/uploads\/2024\/09\/472A8940.png 6720w, https:\/\/rubiomonocoatvietnam.vn\/wp-content\/uploads\/2024\/09\/472A8940-300x200.png 300w, https:\/\/rubiomonocoatvietnam.vn\/wp-content\/uploads\/2024\/09\/472A8940-1024x683.png 1024w, https:\/\/rubiomonocoatvietnam.vn\/wp-content\/uploads\/2024\/09\/472A8940-768x512.png 768w, https:\/\/rubiomonocoatvietnam.vn\/wp-content\/uploads\/2024\/09\/472A8940-1536x1024.png 1536w, https:\/\/rubiomonocoatvietnam.vn\/wp-content\/uploads\/2024\/09\/472A8940-2048x1365.png 2048w, https:\/\/rubiomonocoatvietnam.vn\/wp-content\/uploads\/2024\/09\/472A8940-18x12.png 18w, https:\/\/rubiomonocoatvietnam.vn\/wp-content\/uploads\/2024\/09\/472A8940-600x400.png 600w\" sizes=\"(max-width: 6720px) 100vw, 6720px\" \/> <img loading=\"lazy\" decoding=\"async\" class=\"alignnone size-full wp-image-4046\" src=\"https:\/\/rubiomonocoatvietnam.vn\/wp-content\/uploads\/2024\/09\/Photo-01-09-2023-11-26-49-scaled.jpg\" alt=\"d\u1ea7u l\u00e0m t\u0103ng \u0111\u1ed9 b\u00f3ng Sheenplus\" width=\"2560\" height=\"1920\" srcset=\"https:\/\/rubiomonocoatvietnam.vn\/wp-content\/uploads\/2024\/09\/Photo-01-09-2023-11-26-49-scaled.jpg 2560w, https:\/\/rubiomonocoatvietnam.vn\/wp-content\/uploads\/2024\/09\/Photo-01-09-2023-11-26-49-300x225.jpg 300w, https:\/\/rubiomonocoatvietnam.vn\/wp-content\/uploads\/2024\/09\/Photo-01-09-2023-11-26-49-1024x768.jpg 1024w, https:\/\/rubiomonocoatvietnam.vn\/wp-content\/uploads\/2024\/09\/Photo-01-09-2023-11-26-49-768x576.jpg 768w, https:\/\/rubiomonocoatvietnam.vn\/wp-content\/uploads\/2024\/09\/Photo-01-09-2023-11-26-49-1536x1152.jpg 1536w, https:\/\/rubiomonocoatvietnam.vn\/wp-content\/uploads\/2024\/09\/Photo-01-09-2023-11-26-49-2048x1536.jpg 2048w, https:\/\/rubiomonocoatvietnam.vn\/wp-content\/uploads\/2024\/09\/Photo-01-09-2023-11-26-49-16x12.jpg 16w, https:\/\/rubiomonocoatvietnam.vn\/wp-content\/uploads\/2024\/09\/Photo-01-09-2023-11-26-49-600x450.jpg 600w\" sizes=\"(max-width: 2560px) 100vw, 2560px\" \/><\/p>","protected":false},"excerpt":{"rendered":"<ul>\n<li>L\u1edbp ho\u00e0n thi\u1ec7n satin l\u00e2u d\u00e0i<\/li>\n<li>Kh\u00f4ng \u0111\u1ec3 l\u1ea1i v\u1ebft ch\u1ed3ng l\u1ea5n<\/li>\n<li>Ti\u00eau hao \u00edt s\u1ea3n ph\u1ea9m<\/li>\n<li>Ch\u1ed1ng tr\u1ea7y x\u01b0\u1edbc<\/li>\n<li>Th\u00e0nh ph\u1ea7n t\u1ef1 nhi\u00ean, kh\u00f4ng ch\u1ee9a VOC<\/li>\n<li>C\u00f3 th\u1ec3 \u00e1p d\u1ee5ng b\u1eb1ng tay ho\u1eb7c m\u00e1y \u0111\u00e1nh b\u00f3ng<\/li>\n<li>H\u00e0m l\u01b0\u1ee3ng ch\u1ea5t r\u1eafn 100%<\/li>\n<\/ul>","protected":false},"featured_media":3157,"comment_status":"open","ping_status":"closed","template":"","meta":{"_jf_save_progress":""},"product_brand":[118],"product_cat":[17,87],"product_tag":[122],"class_list":{"0":"post-3155","1":"product","2":"type-product","3":"status-publish","4":"has-post-thumbnail","6":"product_brand-logo-rubio-monocoat","7":"product_cat-noi-that","8":"product_cat-dau-tang-cuong-do-bong","9":"product_tag-sheenplus","11":"first","12":"instock","13":"shipping-taxable","14":"product-type-variable","15":"wvs-archive-product-wrapper"},"_links":{"self":[{"href":"https:\/\/rubiomonocoatvietnam.vn\/en\/wp-json\/wp\/v2\/product\/3155","targetHints":{"allow":["GET"]}}],"collection":[{"href":"https:\/\/rubiomonocoatvietnam.vn\/en\/wp-json\/wp\/v2\/product"}],"about":[{"href":"https:\/\/rubiomonocoatvietnam.vn\/en\/wp-json\/wp\/v2\/types\/product"}],"replies":[{"embeddable":true,"href":"https:\/\/rubiomonocoatvietnam.vn\/en\/wp-json\/wp\/v2\/comments?post=3155"}],"wp:featuredmedia":[{"embeddable":true,"href":"https:\/\/rubiomonocoatvietnam.vn\/en\/wp-json\/wp\/v2\/media\/3157"}],"wp:attachment":[{"href":"https:\/\/rubiomonocoatvietnam.vn\/en\/wp-json\/wp\/v2\/media?parent=3155"}],"wp:term":[{"taxonomy":"product_brand","embeddable":true,"href":"https:\/\/rubiomonocoatvietnam.vn\/en\/wp-json\/wp\/v2\/product_brand?post=3155"},{"taxonomy":"product_cat","embeddable":true,"href":"https:\/\/rubiomonocoatvietnam.vn\/en\/wp-json\/wp\/v2\/product_cat?post=3155"},{"taxonomy":"product_tag","embeddable":true,"href":"https:\/\/rubiomonocoatvietnam.vn\/en\/wp-json\/wp\/v2\/product_tag?post=3155"}],"curies":[{"name":"wp","href":"https:\/\/api.w.org\/{rel}","templated":true}]}}