{"id":3045,"date":"2024-08-16T22:07:38","date_gmt":"2024-08-16T15:07:38","guid":{"rendered":"https:\/\/rubiomonocoatvietnam.vn\/?post_type=product&#038;p=3045"},"modified":"2026-01-03T08:23:53","modified_gmt":"2026-01-03T01:23:53","slug":"rubio-monocoat-soap","status":"publish","type":"product","link":"https:\/\/rubiomonocoatvietnam.vn\/en\/product\/rubio-monocoat-soap\/","title":{"rendered":"X\u00e0 ph\u00f2ng v\u1ec7 sinh (d\u1ea1ng ch\u01b0a pha): Rubio Monocoat Soap"},"content":{"rendered":"<p><strong>Rubio Monocoat Soap<\/strong> l\u00e0 ch\u1ea5t t\u1ea9y r\u1eeda s\u00e0n g\u1ed7 c\u1ee9ng t\u1ed1t nh\u1ea5t \u0111\u1ec3 l\u00e0m s\u1ea1ch th\u01b0\u1eddng xuy\u00ean c\u00e1c b\u1ec1 m\u1eb7t g\u1ed7 d\u00ednh d\u1ea7u, \u0111\u1ea3m b\u1ea3o s\u00e0n nh\u00e0 v\u00e0 \u0111\u1ed3 n\u1ed9i th\u1ea5t c\u1ee7a b\u1ea1n lu\u00f4n s\u1ea1ch s\u1ebd v\u00e0 \u0111\u01b0\u1ee3c b\u1ea3o qu\u1ea3n t\u1ed1t. Ch\u1ea5t t\u1ea9y r\u1eeda g\u1ed7 cao c\u1ea5p n\u00e0y lo\u1ea1i b\u1ecf hi\u1ec7u qu\u1ea3 b\u1ee5i b\u1ea9n v\u00e0 d\u1ea7u m\u1ee1 m\u00e0 kh\u00f4ng \u1ea3nh h\u01b0\u1edfng \u0111\u1ebfn v\u1ebb ngo\u00e0i m\u1edd t\u1ef1 nhi\u00ean c\u1ee7a g\u1ed7. L\u00fd t\u01b0\u1edfng cho c\u1ea3 s\u00e0n g\u1ed7 c\u1ee9ng v\u00e0 \u0111\u1ed3 n\u1ed9i th\u1ea5t b\u1eb1ng g\u1ed7, X\u00e0 ph\u00f2ng Rubio Monocoat mang \u0111\u1ebfn gi\u1ea3i ph\u00e1p l\u00e0m s\u1ea1ch to\u00e0n di\u1ec7n cho ng\u00f4i nh\u00e0 c\u1ee7a b\u1ea1n.<\/p>\n<p>C\u00f4ng th\u1ee9c \u0111\u1eadm \u0111\u1eb7c c\u1ee7a <strong>Rubio Monocoat Soap<\/strong> mang l\u1ea1i gi\u00e1 tr\u1ecb v\u01b0\u1ee3t tr\u1ed9i, ch\u1ec9 c\u1ea7n m\u1ed9t l\u01b0\u1ee3ng nh\u1ecf \u0111\u1ec3 l\u00e0m s\u1ea1ch hi\u1ec7u qu\u1ea3. Sau khi tr\u1ed9n v\u1edbi n\u01b0\u1edbc, dung d\u1ecbch s\u1ebd tr\u1edf th\u00e0nh X\u1ecbt ch\u0103m s\u00f3c b\u1ec1 m\u1eb7t, m\u1ed9t ch\u1ea5t t\u1ea9y r\u1eeda \u0111a n\u0103ng ph\u00f9 h\u1ee3p v\u1edbi nhi\u1ec1u lo\u1ea1i b\u1ec1 m\u1eb7t g\u1ed7. An to\u00e0n khi s\u1eed d\u1ee5ng th\u01b0\u1eddng xuy\u00ean, c\u00f4ng th\u1ee9c th\u00e2n thi\u1ec7n v\u1edbi m\u00f4i tr\u01b0\u1eddng n\u00e0y nh\u1eb9 nh\u00e0ng v\u1edbi g\u1ed7 nh\u01b0ng v\u1eabn b\u1ec1n v\u1edbi b\u1ee5i b\u1ea9n, khi\u1ebfn n\u00f3 tr\u1edf th\u00e0nh s\u1ea3n ph\u1ea9m c\u1ea7n thi\u1ebft \u0111\u1ec3 duy tr\u00ec v\u1ebb \u0111\u1eb9p v\u00e0 tu\u1ed5i th\u1ecd c\u1ee7a s\u00e0n g\u1ed7 v\u00e0 \u0111\u1ed3 n\u1ed9i th\u1ea5t c\u1ee7a b\u1ea1n.<\/p>\n<h3><strong>C\u00f4ng th\u1ee9c \u0111\u1eadm \u0111\u1eb7c cao<\/strong><\/h3>\n<p>C\u00f4ng th\u1ee9c \u0111\u1eadm \u0111\u1eb7c c\u1ee7a <strong>Rubio Monocoat Soap<\/strong> c\u00f3 ngh\u0129a l\u00e0 hi\u1ec7u qu\u1ea3 l\u00e2u d\u00e0i m\u1ed9t ch\u00fat, mang l\u1ea1i gi\u00e1 tr\u1ecb \u0111\u1eb7c bi\u1ec7t v\u00e0 gi\u1ea3m t\u1ea7n su\u1ea5t mua l\u1ea1i. N\u1ed3ng \u0111\u1ed9 n\u00e0y \u0111\u1ea3m b\u1ea3o l\u00e0m s\u1ea1ch hi\u1ec7u qu\u1ea3 v\u1edbi m\u1ee9c s\u1eed d\u1ee5ng s\u1ea3n ph\u1ea9m t\u1ed1i thi\u1ec3u, ti\u1ebft ki\u1ec7m v\u00e0 th\u00e2n thi\u1ec7n v\u1edbi m\u00f4i tr\u01b0\u1eddng.<\/p>\n<h3><strong>Duy tr\u00ec l\u1edbp n\u1ec1n m\u1edd t\u1ef1 nhi\u00ean<\/strong><\/h3>\n<p>Kh\u00f4ng gi\u1ed1ng nh\u01b0 nhi\u1ec1u ch\u1ea5t t\u1ea9y r\u1eeda c\u00f3 th\u1ec3 \u0111\u1ec3 l\u1ea1i c\u1eb7n ho\u1eb7c l\u00e0m thay \u0111\u1ed5i b\u1ec1 ngo\u00e0i c\u1ee7a g\u1ed7, <strong>Rubio Monocoat Soap<\/strong> duy tr\u00ec v\u1ebb t\u1ef1 nhi\u00ean c\u1ee7a b\u1ec1 m\u1eb7t g\u1ed7 \u0111\u01b0\u1ee3c b\u00f4i d\u1ea7u. \u0110i\u1ec1u n\u00e0y \u0111\u1ea3m b\u1ea3o s\u00e0n g\u1ed7 v\u00e0 \u0111\u1ed3 n\u1ed9i th\u1ea5t c\u1ee7a b\u1ea1n duy tr\u00ec \u0111\u01b0\u1ee3c t\u00ednh th\u1ea9m m\u1ef9 nh\u01b0 mong mu\u1ed1n m\u00e0 kh\u00f4ng c\u00f3 b\u1ea5t k\u1ef3 s\u1ef1 t\u1ecfa s\u00e1ng ho\u1eb7c t\u00edch t\u1ee5 kh\u00f4ng mong mu\u1ed1n n\u00e0o.<\/p>\n<h3><strong>Th\u00e2n thi\u1ec7n v\u1edbi m\u00f4i tr\u01b0\u1eddng v\u00e0 an to\u00e0n<\/strong><\/h3>\n<p>V\u1edbi c\u00f4ng th\u1ee9c t\u1eeb c\u00e1c th\u00e0nh ph\u1ea7n th\u00e2n thi\u1ec7n v\u1edbi m\u00f4i tr\u01b0\u1eddng v\u00e0 kh\u00f4ng \u0111\u1ed9c h\u1ea1i, <strong>Rubio Monocoat Soap<\/strong> an to\u00e0n khi s\u1eed d\u1ee5ng trong nh\u00e0 c\u00f3 tr\u1ebb em v\u00e0 v\u1eadt nu\u00f4i. Cam k\u1ebft v\u1ec1 an to\u00e0n v\u00e0 tr\u00e1ch nhi\u1ec7m v\u1edbi m\u00f4i tr\u01b0\u1eddng khi\u1ebfn n\u00f3 tr\u1edf th\u00e0nh l\u1ef1a ch\u1ecdn l\u00fd t\u01b0\u1edfng cho nh\u1eefng ng\u01b0\u1eddi ti\u00eau d\u00f9ng quan t\u00e2m \u0111\u1ebfn s\u1ee9c kh\u1ecfe v\u00e0 nh\u1eefng ng\u01b0\u1eddi \u01b0u ti\u00ean s\u1ef1 b\u1ec1n v\u1eefng.<\/p>\n<h3><strong>Gi\u1ea3i ph\u00e1p l\u00e0m s\u1ea1ch \u0111a n\u0103ng<\/strong><\/h3>\n<p><strong>Rubio Monocoat Soap<\/strong> kh\u00f4ng ch\u1ec9 ho\u00e0n h\u1ea3o \u0111\u1ec3 l\u00e0m s\u1ea1ch s\u00e0n g\u1ed7 m\u00e0 c\u00f2n c\u00f3 t\u00e1c d\u1ee5ng g\u1ea5p \u0111\u00f4i nh\u01b0 m\u1ed9t ch\u1ea5t t\u1ea9y r\u1eeda \u0111\u1ed3 n\u1ed9i th\u1ea5t b\u1eb1ng g\u1ed7. Khi tr\u1ed9n v\u1edbi n\u01b0\u1edbc, n\u00f3 s\u1ebd chuy\u1ec3n th\u00e0nh X\u1ecbt ch\u0103m s\u00f3c b\u1ec1 m\u1eb7t, cung c\u1ea5p gi\u1ea3i ph\u00e1p l\u00e0m s\u1ea1ch linh ho\u1ea1t v\u00e0 s\u1eb5n s\u00e0ng s\u1eed d\u1ee5ng cho m\u1ecdi b\u1ec1 m\u1eb7t g\u1ed7 c\u1ee7a b\u1ea1n, t\u1eeb s\u00e0n nh\u00e0 \u0111\u1ebfn \u0111\u1ed3 n\u1ed9i th\u1ea5t.<\/p>\n<h3><strong>Lo\u1ea1i b\u1ecf b\u1ee5i b\u1ea9n v\u00e0 d\u1ea7u m\u1ee1 hi\u1ec7u qu\u1ea3<\/strong><\/h3>\n<p><strong>Rubio Monocoat Soap<\/strong> lo\u1ea1i b\u1ecf hi\u1ec7u qu\u1ea3 b\u1ee5i b\u1ea9n, d\u1ea7u m\u1ee1 v\u00e0 b\u1ee5i b\u1ea9n tr\u00ean b\u1ec1 m\u1eb7t g\u1ed7 m\u00e0 kh\u00f4ng l\u00e0m h\u1ecfng g\u1ed7 ho\u1eb7c \u1ea3nh h\u01b0\u1edfng \u0111\u1ebfn \u0111\u1ed9 ho\u00e0n thi\u1ec7n c\u1ee7a g\u1ed7. \u0110i\u1ec1u n\u00e0y \u0111\u1ea3m b\u1ea3o r\u1eb1ng s\u00e0n g\u1ed7 v\u00e0 \u0111\u1ed3 n\u1ed9i th\u1ea5t c\u1ee7a b\u1ea1n lu\u00f4n s\u1ea1ch s\u1ebd v\u00e0 \u0111\u01b0\u1ee3c b\u1ea3o tr\u00ec t\u1ed1t, k\u00e9o d\u00e0i tu\u1ed5i th\u1ecd v\u00e0 gi\u1eef cho ch\u00fang tr\u00f4ng \u0111\u1eb9p nh\u1ea5t.<\/p>\n<p>&nbsp;<\/p>\n<p>&nbsp;<\/p>","protected":false},"excerpt":{"rendered":"<p>&nbsp;<\/p>\n<p>&nbsp;<\/p>\n<p>&nbsp;<\/p>","protected":false},"featured_media":3037,"comment_status":"open","ping_status":"closed","template":"","meta":{"_jf_save_progress":""},"product_brand":[],"product_cat":[17,26],"product_tag":[],"class_list":{"0":"post-3045","1":"product","2":"type-product","3":"status-publish","4":"has-post-thumbnail","6":"product_cat-noi-that","7":"product_cat-ve-sinh-noi-that","9":"first","10":"instock","11":"shipping-taxable","12":"product-type-variable","13":"wvs-archive-product-wrapper"},"_links":{"self":[{"href":"https:\/\/rubiomonocoatvietnam.vn\/en\/wp-json\/wp\/v2\/product\/3045","targetHints":{"allow":["GET"]}}],"collection":[{"href":"https:\/\/rubiomonocoatvietnam.vn\/en\/wp-json\/wp\/v2\/product"}],"about":[{"href":"https:\/\/rubiomonocoatvietnam.vn\/en\/wp-json\/wp\/v2\/types\/product"}],"replies":[{"embeddable":true,"href":"https:\/\/rubiomonocoatvietnam.vn\/en\/wp-json\/wp\/v2\/comments?post=3045"}],"wp:featuredmedia":[{"embeddable":true,"href":"https:\/\/rubiomonocoatvietnam.vn\/en\/wp-json\/wp\/v2\/media\/3037"}],"wp:attachment":[{"href":"https:\/\/rubiomonocoatvietnam.vn\/en\/wp-json\/wp\/v2\/media?parent=3045"}],"wp:term":[{"taxonomy":"product_brand","embeddable":true,"href":"https:\/\/rubiomonocoatvietnam.vn\/en\/wp-json\/wp\/v2\/product_brand?post=3045"},{"taxonomy":"product_cat","embeddable":true,"href":"https:\/\/rubiomonocoatvietnam.vn\/en\/wp-json\/wp\/v2\/product_cat?post=3045"},{"taxonomy":"product_tag","embeddable":true,"href":"https:\/\/rubiomonocoatvietnam.vn\/en\/wp-json\/wp\/v2\/product_tag?post=3045"}],"curies":[{"name":"wp","href":"https:\/\/api.w.org\/{rel}","templated":true}]}}