{"id":3005,"date":"2024-08-16T21:13:37","date_gmt":"2024-08-16T14:13:37","guid":{"rendered":"https:\/\/rubiomonocoatvietnam.vn\/?post_type=product&#038;p=3005"},"modified":"2026-01-05T07:21:55","modified_gmt":"2026-01-05T00:21:55","slug":"nuoc-ve-sinh-lam-dam-mau-woodprep","status":"publish","type":"product","link":"https:\/\/rubiomonocoatvietnam.vn\/en\/product\/nuoc-ve-sinh-lam-dam-mau-woodprep\/","title":{"rendered":"N\u01b0\u1edbc v\u1ec7 sinh g\u1ed7 &#038; l\u00e0m \u0111\u1eadm m\u00e0u g\u1ed7: WoodPrep"},"content":{"rendered":"<p><strong>WoodPrep<\/strong> l\u00e0 n\u01b0\u1edbc v\u1ec7 sinh lo\u1ea1i b\u1ecf c\u1eb7n t\u1eeb b\u1ee5i ch\u00e0 nh\u00e1m v\u00e0 gi\u1ea3m thi\u1ec3u l\u1ed7i ch\u00e0 nh\u00e1m. Ch\u1ea5t t\u1ea9y r\u1eeda chu\u1ea9n b\u1ecb n\u00e0y s\u1ebd l\u00e0m nh\u00e1m c\u00e1c s\u1ee3i g\u1ed7, mang l\u1ea1i cho b\u1ea1n m\u00e0u s\u1eafc s\u00e2u h\u01a1n v\u00e0 \u0111\u1ed3ng \u0111\u1ec1u h\u01a1n. S\u1ea3n ph\u1ea9m n\u00e0y l\u00fd t\u01b0\u1edfng cho vi\u1ec7c x\u1eed l\u00fd g\u1ed7 v\u00e0 mang l\u1ea1i m\u00e0u s\u1eafc \u0111\u1eadm, \u0111\u1eadm v\u00e0 \u0111\u1ec1u <strong><a href=\"https:\/\/rubiomonocoatvietnam.vn\/en\/product\/dau-lau-go-noi-that-rubio-oil-2c\/\">Oil Plus 2C<\/a><\/strong>. Lo\u1ea1i b\u1ecf b\u1ee5i ch\u00e0 nh\u00e1m c\u00f2n s\u00f3t l\u1ea1i Gi\u1ea3m thi\u1ec3u l\u1ed7i ch\u00e0 nh\u00e1m Gi\u1ea3m tannin v\u00e0 d\u1ea7u trong g\u1ed7 H\u1ea5p th\u1ee5 s\u1eafc t\u1ed1 t\u1ed1t h\u01a1n.<\/p>\n<p>&nbsp;<\/p>\n<p><strong>TH\u00d4NG TIN S\u1ea2N PH\u1ea8M<\/strong><br \/>\n<strong>\u0110\u1eb7c \u0111i\u1ec3m c\u1ee5 th\u1ec3<\/strong><br \/>\n\u2022 Gi\u1ea3m thi\u1ec3u l\u1ed7i m\u00e0i v\u00e0 c\u00e1c v\u1ebft tr\u1ea7y nh\u1ecf<br \/>\n\u2022 N\u00e2ng cao c\u01b0\u1eddng \u0111\u1ed9 m\u00e0u c\u1ee7a d\u1ea7u Rubio Monocoat qua kh\u1ea3 n\u0103ng h\u1ea5p th\u1ee5 s\u1eafc t\u1ed1 t\u1ed1t h\u01a1n<\/p>\n<p><strong>\u0110\u1eb7c t\u00ednh k\u1ef9 thu\u1eadt<\/strong><br \/>\n\u2022 T\u00ecnh tr\u1ea1ng v\u1eadt l\u00fd: D\u1ea1ng l\u1ecfng<br \/>\n\u2022 M\u00e0u s\u1eafc: Trong su\u1ed1t<br \/>\n\u2022 M\u00f9i: \u0110\u1eb7c tr\u01b0ng<br \/>\n\u2022 Nhi\u1ec7t \u0111\u1ed9 ch\u1edbp n\u1ed5: &gt; 100 \u00b0C<br \/>\n\u2022 M\u1eadt \u0111\u1ed9: \u2248 1 kg\/l<\/p>\n<p><strong>B\u1ea3o qu\u1ea3n<\/strong><br \/>\nS\u1ea3n ph\u1ea9m c\u00f3 th\u1ec3 \u0111\u01b0\u1ee3c b\u1ea3o qu\u1ea3n l\u00ean \u0111\u1ebfn 12 th\u00e1ng. B\u1ea3o qu\u1ea3n trong \u0111i\u1ec1u ki\u1ec7n kh\u00f4 r\u00e1o v\u00e0<br \/>\ntrong bao b\u00ec nguy\u00ean b\u1ea3n. Tr\u00e1nh xa r\u00e9t.<\/p>\n<p>&nbsp;<\/p>\n<p><strong>TH\u00d4NG TIN \u1ee8NG D\u1ee4NG<\/strong><\/p>\n<p><strong>H\u01b0\u1edbng d\u1eabn s\u1eed d\u1ee5ng<\/strong><br \/>\nB\u01af\u1edaC 1. H\u00fat b\u1ee5i k\u1ef9 l\u01b0\u1ee1ng b\u1ec1 m\u1eb7t c\u1ea7n x\u1eed l\u00fd.<br \/>\nB\u01af\u1edaC 2. Ph\u00e2n b\u1ed1 \u0111\u1ec1u WoodPrep l\u00ean b\u1ec1 m\u1eb7t b\u1eb1ng mi\u1ebfng b\u1ecdt bi\u1ec3n. Vi\u1ec7c kh\u00f4ng \u0111\u1ec3 l\u1ea1i ch\u1ed7<br \/>\nn\u00e0o ch\u01b0a \u0111\u01b0\u1ee3c x\u1eed l\u00fd l\u00e0 r\u1ea5t quan tr\u1ecdng, v\u00ec \u0111i\u1ec1u n\u00e0y c\u00f3 th\u1ec3 l\u00e0m cho b\u1ec1 m\u1eb7t sau \u0111\u00f3 tr\u1edf n\u00ean m\u1edd<br \/>\n\u0111\u1ee5c ho\u1eb7c kh\u00f4ng \u0111\u1ed3ng \u0111\u1ec1u.<\/p>\n<p>B\u01af\u1edaC 3. Lau k\u1ef9 b\u1eb1ng mi\u1ebfng v\u1ea3i s\u1ee3i vi m\u00f4 Rubio Monocoat (Microfiber Pad) theo chi\u1ec1u d\u1ecdc,<br \/>\nc\u00f9ng h\u01b0\u1edbng v\u1edbi v\u00e2n g\u1ed7, \u0111\u1ec3 t\u1ea5t c\u1ea3 \u0111\u01b0\u1ee3c ph\u00e2n b\u1ed1 \u0111\u1ec1u.<br \/>\nB\u01af\u1edaC 4. \u0110\u1ec3 b\u1ec1 m\u1eb7t \u0111\u00e3 x\u1eed l\u00fd kh\u00f4 ho\u00e0n to\u00e0n, cho \u0111\u1ebfn khi b\u1ec1 m\u1eb7t tr\u00f4ng v\u00e0 c\u1ea3m nh\u1eadn \u0111\u01b0\u1ee3c l\u00e0<br \/>\nkh\u00f4 \u0111\u1ec1u.<br \/>\nB\u01af\u1edaC 5. \u00c1p d\u1ee5ng l\u1edbp ho\u00e0n thi\u1ec7n Rubio theo l\u1ef1a ch\u1ecdn c\u1ee7a b\u1ea1n.<\/p>\n<p><strong>X\u1eed l\u00fd<\/strong><br \/>\nX\u1eed l\u00fd c\u00e1c bao b\u00ec r\u1ed7ng theo quy \u0111\u1ecbnh \u0111\u1ecba ph\u01b0\u01a1ng.<\/p>\n<p>&nbsp;<\/p>\n<p>&nbsp;<\/p>\n<p>&nbsp;<\/p>","protected":false},"excerpt":{"rendered":"<ul>\n<li>Lo\u1ea1i b\u1ecf b\u1ee5i ch\u00e0 nh\u00e1m c\u00f2n s\u00f3t l\u1ea1i<\/li>\n<li>Gi\u1ea3m thi\u1ec3u l\u1ed7i ch\u00e0 nh\u00e1m<\/li>\n<li>Gi\u1ea3m tannin v\u00e0 d\u1ea7u trong g\u1ed7<\/li>\n<li>H\u1ea5p th\u1ee5 s\u1eafc t\u1ed1 t\u1ed1t h\u01a1n.<\/li>\n<\/ul>\n<p>&nbsp;<\/p>\n<p>&nbsp;<\/p>\n<p>&nbsp;<\/p>\n<p>&nbsp;<\/p>","protected":false},"featured_media":3007,"comment_status":"open","ping_status":"closed","template":"","meta":{"_jf_save_progress":""},"product_brand":[],"product_cat":[23,17],"product_tag":[],"class_list":{"0":"post-3005","1":"product","2":"type-product","3":"status-publish","4":"has-post-thumbnail","6":"product_cat-chuan-bi-noi-that","7":"product_cat-noi-that","9":"first","10":"instock","11":"shipping-taxable","12":"product-type-variable","13":"wvs-archive-product-wrapper"},"_links":{"self":[{"href":"https:\/\/rubiomonocoatvietnam.vn\/en\/wp-json\/wp\/v2\/product\/3005","targetHints":{"allow":["GET"]}}],"collection":[{"href":"https:\/\/rubiomonocoatvietnam.vn\/en\/wp-json\/wp\/v2\/product"}],"about":[{"href":"https:\/\/rubiomonocoatvietnam.vn\/en\/wp-json\/wp\/v2\/types\/product"}],"replies":[{"embeddable":true,"href":"https:\/\/rubiomonocoatvietnam.vn\/en\/wp-json\/wp\/v2\/comments?post=3005"}],"wp:featuredmedia":[{"embeddable":true,"href":"https:\/\/rubiomonocoatvietnam.vn\/en\/wp-json\/wp\/v2\/media\/3007"}],"wp:attachment":[{"href":"https:\/\/rubiomonocoatvietnam.vn\/en\/wp-json\/wp\/v2\/media?parent=3005"}],"wp:term":[{"taxonomy":"product_brand","embeddable":true,"href":"https:\/\/rubiomonocoatvietnam.vn\/en\/wp-json\/wp\/v2\/product_brand?post=3005"},{"taxonomy":"product_cat","embeddable":true,"href":"https:\/\/rubiomonocoatvietnam.vn\/en\/wp-json\/wp\/v2\/product_cat?post=3005"},{"taxonomy":"product_tag","embeddable":true,"href":"https:\/\/rubiomonocoatvietnam.vn\/en\/wp-json\/wp\/v2\/product_tag?post=3005"}],"curies":[{"name":"wp","href":"https:\/\/api.w.org\/{rel}","templated":true}]}}