{"id":2947,"date":"2024-08-14T09:11:34","date_gmt":"2024-08-14T02:11:34","guid":{"rendered":"https:\/\/rubiomonocoatvietnam.vn\/?page_id=2947"},"modified":"2024-08-14T09:11:34","modified_gmt":"2024-08-14T02:11:34","slug":"chinh-sach-giao-hang","status":"publish","type":"page","link":"https:\/\/rubiomonocoatvietnam.vn\/en\/chinh-sach-giao-hang\/","title":{"rendered":"Ch\u00ednh s\u00e1ch giao h\u00e0ng"},"content":{"rendered":"<p>RUBIO MONOCOAT VI\u1ec6T NAM cung c\u1ea5p c\u00e1c h\u00ecnh th\u1ee9c giao h\u00e0ng nh\u01b0 sau :<\/p>\n<p>\u2013 Nh\u1eadn h\u00e0ng tr\u1ef1c ti\u1ebfp t\u1ea1i c\u1eeda h\u00e0ng<\/p>\n<p>\u2013 S\u1eed d\u1ee5ng d\u1ecbch v\u1ee5 giao h\u00e0ng c\u1ee7a b\u00ean th\u1ee9 3.<\/p>\n<p>\u2013 H\u1ed7 tr\u1ee3 g\u1eedi th\u00f4ng qua c\u00e1c h\u00e3ng v\u1eadn t\u1ea3i trong n\u01b0\u1edbc ( t\u1ea1i c\u00e1c b\u1ebfn xe )<\/p>\n<p>\u2013 G\u1eedi h\u00e0ng th\u00f4ng qua b\u01b0u \u0111i\u1ec7n<\/p>","protected":false},"excerpt":{"rendered":"<p>RUBIO MONOCOAT VI\u1ec6T NAM cung c\u1ea5p c\u00e1c h\u00ecnh th\u1ee9c giao h\u00e0ng nh\u01b0 sau : \u2013 Nh\u1eadn h\u00e0ng tr\u1ef1c ti\u1ebfp t\u1ea1i c\u1eeda h\u00e0ng \u2013 S\u1eed d\u1ee5ng d\u1ecbch v\u1ee5 giao h\u00e0ng c\u1ee7a b\u00ean th\u1ee9 3. \u2013 H\u1ed7 tr\u1ee3 g\u1eedi th\u00f4ng qua c\u00e1c h\u00e3ng v\u1eadn t\u1ea3i trong n\u01b0\u1edbc ( t\u1ea1i c\u00e1c b\u1ebfn xe ) \u2013 G\u1eedi h\u00e0ng th\u00f4ng [&hellip;]<\/p>","protected":false},"author":1,"featured_media":0,"parent":0,"menu_order":0,"comment_status":"closed","ping_status":"closed","template":"","meta":{"_jf_save_progress":"","footnotes":""},"class_list":["post-2947","page","type-page","status-publish","hentry"],"_links":{"self":[{"href":"https:\/\/rubiomonocoatvietnam.vn\/en\/wp-json\/wp\/v2\/pages\/2947","targetHints":{"allow":["GET"]}}],"collection":[{"href":"https:\/\/rubiomonocoatvietnam.vn\/en\/wp-json\/wp\/v2\/pages"}],"about":[{"href":"https:\/\/rubiomonocoatvietnam.vn\/en\/wp-json\/wp\/v2\/types\/page"}],"author":[{"embeddable":true,"href":"https:\/\/rubiomonocoatvietnam.vn\/en\/wp-json\/wp\/v2\/users\/1"}],"replies":[{"embeddable":true,"href":"https:\/\/rubiomonocoatvietnam.vn\/en\/wp-json\/wp\/v2\/comments?post=2947"}],"version-history":[{"count":0,"href":"https:\/\/rubiomonocoatvietnam.vn\/en\/wp-json\/wp\/v2\/pages\/2947\/revisions"}],"wp:attachment":[{"href":"https:\/\/rubiomonocoatvietnam.vn\/en\/wp-json\/wp\/v2\/media?parent=2947"}],"curies":[{"name":"wp","href":"https:\/\/api.w.org\/{rel}","templated":true}]}}